{"id":517,"date":"2022-02-03T09:29:49","date_gmt":"2022-02-03T09:29:49","guid":{"rendered":"https:\/\/www.lanormandiedamandine.com\/?post_type=product&#038;p=517"},"modified":"2024-07-04T13:36:46","modified_gmt":"2024-07-04T13:36:46","slug":"enquete-criminelle-a-labbatiale","status":"publish","type":"product","link":"https:\/\/www.lanormandiedamandine.com\/en\/produit\/enquete-criminelle-a-labbatiale\/","title":{"rendered":"Enqu\u00eate criminelle \u00e0 l&#8217;abbatiale"},"content":{"rendered":"<h2>Mais, qui a tu\u00e9 Wambert ? ?<\/h2>\n<p>Au fur et \u00e0 mesure de l&#8217;observation et de l&#8217;exploration de l&#8217;\u00e9glise abbatiale, vous m\u00e8nerez l&#8217;enqu\u00eate, accumulerez les indices et pourrez \u00e9liminer 1 \u00e0 1 les suspects pour pouvoir r\u00e9soudre l&#8217;\u00e9nigme du meurtre de Wambert.<\/p>\n<p>A destination de tous publics ayant encore leur \u00e2me d\u2019enfant.<br \/>\nMaximum 25 personnes<\/p>\n<p><strong>Rendez-vous de 14h30 \u00e0 16h<br \/>\nJeudi 18 juillet et jeudi 22 ao\u00fbt<\/strong><\/p>\n<p>R\u00e9servation aupr\u00e8s de la mairie de Saint-Pierre-en-Auge : communication@stpauge.fr \/ 02 31 20 73 28<\/p>\n","protected":false},"excerpt":{"rendered":"<p>Visite multisensorielle et interactive pour tous les curieux qui ont une \u00e2me d&#8217;enfant.<\/p>\n","protected":false},"featured_media":875,"template":"","meta":{"inline_featured_image":false,"site-sidebar-layout":"default","site-content-layout":"default","ast-site-content-layout":"default","site-content-style":"default","site-sidebar-style":"default","ast-global-header-display":"","ast-banner-title-visibility":"","ast-main-header-display":"","ast-hfb-above-header-display":"","ast-hfb-below-header-display":"","ast-hfb-mobile-header-display":"","site-post-title":"","ast-breadcrumbs-content":"","ast-featured-img":"","footer-sml-layout":"","theme-transparent-header-meta":"default","adv-header-id-meta":"","stick-header-meta":"","header-above-stick-meta":"","header-main-stick-meta":"","header-below-stick-meta":"","astra-migrate-meta-layouts":"set","ast-page-background-enabled":"default","ast-page-background-meta":{"desktop":{"background-color":"var(--ast-global-color-4)","background-image":"","background-repeat":"repeat","background-position":"center center","background-size":"auto","background-attachment":"scroll","background-type":"","background-media":"","overlay-type":"","overlay-color":"","overlay-opacity":"","overlay-gradient":""},"tablet":{"background-color":"","background-image":"","background-repeat":"repeat","background-position":"center center","background-size":"auto","background-attachment":"scroll","background-type":"","background-media":"","overlay-type":"","overlay-color":"","overlay-opacity":"","overlay-gradient":""},"mobile":{"background-color":"","background-image":"","background-repeat":"repeat","background-position":"center center","background-size":"auto","background-attachment":"scroll","background-type":"","background-media":"","overlay-type":"","overlay-color":"","overlay-opacity":"","overlay-gradient":""}},"ast-content-background-meta":{"desktop":{"background-color":"var(--ast-global-color-5)","background-image":"","background-repeat":"repeat","background-position":"center center","background-size":"auto","background-attachment":"scroll","background-type":"","background-media":"","overlay-type":"","overlay-color":"","overlay-opacity":"","overlay-gradient":""},"tablet":{"background-color":"var(--ast-global-color-5)","background-image":"","background-repeat":"repeat","background-position":"center center","background-size":"auto","background-attachment":"scroll","background-type":"","background-media":"","overlay-type":"","overlay-color":"","overlay-opacity":"","overlay-gradient":""},"mobile":{"background-color":"var(--ast-global-color-5)","background-image":"","background-repeat":"repeat","background-position":"center center","background-size":"auto","background-attachment":"scroll","background-type":"","background-media":"","overlay-type":"","overlay-color":"","overlay-opacity":"","overlay-gradient":""}}},"product_brand":[],"product_cat":[19],"product_tag":[],"class_list":{"0":"post-517","1":"product","2":"type-product","3":"status-publish","4":"has-post-thumbnail","6":"product_cat-visites-interactives","7":"desktop-align-left","8":"tablet-align-left","9":"mobile-align-left","11":"first","12":"instock","13":"shipping-taxable","14":"product-type-simple"},"yoast_head":"<!-- This site is optimized with the Yoast SEO plugin v27.5 - https:\/\/yoast.com\/product\/yoast-seo-wordpress\/ -->\n<title>Enqu\u00eate criminelle \u00e0 l&#039;abbatiale - La Normandie d&#039;Amandine<\/title>\n<meta name=\"robots\" content=\"index, follow, max-snippet:-1, max-image-preview:large, max-video-preview:-1\" \/>\n<link rel=\"canonical\" href=\"https:\/\/www.lanormandiedamandine.com\/en\/produit\/enquete-criminelle-a-labbatiale\/\" \/>\n<meta property=\"og:locale\" content=\"en_US\" \/>\n<meta property=\"og:type\" content=\"article\" \/>\n<meta property=\"og:title\" content=\"Enqu\u00eate criminelle \u00e0 l&#039;abbatiale - La Normandie d&#039;Amandine\" \/>\n<meta property=\"og:description\" content=\"Visite multisensorielle et interactive pour tous les curieux qui ont une \u00e2me d&#039;enfant.\" \/>\n<meta property=\"og:url\" content=\"https:\/\/www.lanormandiedamandine.com\/en\/produit\/enquete-criminelle-a-labbatiale\/\" \/>\n<meta property=\"og:site_name\" content=\"La Normandie d&#039;Amandine\" \/>\n<meta property=\"article:modified_time\" content=\"2024-07-04T13:36:46+00:00\" \/>\n<meta property=\"og:image\" content=\"https:\/\/www.lanormandiedamandine.com\/wp-content\/uploads\/2022\/02\/Etonnants-Patrimoines-Saint-Pierre-sur-Dives.png\" \/>\n\t<meta property=\"og:image:width\" content=\"600\" \/>\n\t<meta property=\"og:image:height\" content=\"600\" \/>\n\t<meta property=\"og:image:type\" content=\"image\/png\" \/>\n<meta name=\"twitter:card\" content=\"summary_large_image\" \/>\n<meta name=\"twitter:label1\" content=\"Est. reading time\" \/>\n\t<meta name=\"twitter:data1\" content=\"1 minute\" \/>\n<script type=\"application\/ld+json\" class=\"yoast-schema-graph\">{\"@context\":\"https:\\\/\\\/schema.org\",\"@graph\":[{\"@type\":\"WebPage\",\"@id\":\"https:\\\/\\\/www.lanormandiedamandine.com\\\/en\\\/produit\\\/enquete-criminelle-a-labbatiale\\\/\",\"url\":\"https:\\\/\\\/www.lanormandiedamandine.com\\\/en\\\/produit\\\/enquete-criminelle-a-labbatiale\\\/\",\"name\":\"Enqu\u00eate criminelle \u00e0 l'abbatiale - La Normandie d&#039;Amandine\",\"isPartOf\":{\"@id\":\"https:\\\/\\\/www.lanormandiedamandine.com\\\/en\\\/#website\"},\"primaryImageOfPage\":{\"@id\":\"https:\\\/\\\/www.lanormandiedamandine.com\\\/en\\\/produit\\\/enquete-criminelle-a-labbatiale\\\/#primaryimage\"},\"image\":{\"@id\":\"https:\\\/\\\/www.lanormandiedamandine.com\\\/en\\\/produit\\\/enquete-criminelle-a-labbatiale\\\/#primaryimage\"},\"thumbnailUrl\":\"https:\\\/\\\/www.lanormandiedamandine.com\\\/wp-content\\\/uploads\\\/2022\\\/02\\\/Etonnants-Patrimoines-Saint-Pierre-sur-Dives.png\",\"datePublished\":\"2022-02-03T09:29:49+00:00\",\"dateModified\":\"2024-07-04T13:36:46+00:00\",\"breadcrumb\":{\"@id\":\"https:\\\/\\\/www.lanormandiedamandine.com\\\/en\\\/produit\\\/enquete-criminelle-a-labbatiale\\\/#breadcrumb\"},\"inLanguage\":\"en-US\",\"potentialAction\":[{\"@type\":\"ReadAction\",\"target\":[\"https:\\\/\\\/www.lanormandiedamandine.com\\\/en\\\/produit\\\/enquete-criminelle-a-labbatiale\\\/\"]}]},{\"@type\":\"ImageObject\",\"inLanguage\":\"en-US\",\"@id\":\"https:\\\/\\\/www.lanormandiedamandine.com\\\/en\\\/produit\\\/enquete-criminelle-a-labbatiale\\\/#primaryimage\",\"url\":\"https:\\\/\\\/www.lanormandiedamandine.com\\\/wp-content\\\/uploads\\\/2022\\\/02\\\/Etonnants-Patrimoines-Saint-Pierre-sur-Dives.png\",\"contentUrl\":\"https:\\\/\\\/www.lanormandiedamandine.com\\\/wp-content\\\/uploads\\\/2022\\\/02\\\/Etonnants-Patrimoines-Saint-Pierre-sur-Dives.png\",\"width\":600,\"height\":600,\"caption\":\"visites interactives ludiques et familiales Les Etonnants-Patrimoines-Saint-Pierre-sur-Dives\"},{\"@type\":\"BreadcrumbList\",\"@id\":\"https:\\\/\\\/www.lanormandiedamandine.com\\\/en\\\/produit\\\/enquete-criminelle-a-labbatiale\\\/#breadcrumb\",\"itemListElement\":[{\"@type\":\"ListItem\",\"position\":1,\"name\":\"Accueil\",\"item\":\"https:\\\/\\\/www.lanormandiedamandine.com\\\/en\\\/\"},{\"@type\":\"ListItem\",\"position\":2,\"name\":\"Boutique\",\"item\":\"https:\\\/\\\/www.lanormandiedamandine.com\\\/boutique\\\/\"},{\"@type\":\"ListItem\",\"position\":3,\"name\":\"Enqu\u00eate criminelle \u00e0 l&#8217;abbatiale\"}]},{\"@type\":\"WebSite\",\"@id\":\"https:\\\/\\\/www.lanormandiedamandine.com\\\/en\\\/#website\",\"url\":\"https:\\\/\\\/www.lanormandiedamandine.com\\\/en\\\/\",\"name\":\"La Normandie d&#039;Amandine\",\"description\":\"Guide conf&eacute;renci&egrave;re en Normandie\",\"publisher\":{\"@id\":\"https:\\\/\\\/www.lanormandiedamandine.com\\\/en\\\/#organization\"},\"potentialAction\":[{\"@type\":\"SearchAction\",\"target\":{\"@type\":\"EntryPoint\",\"urlTemplate\":\"https:\\\/\\\/www.lanormandiedamandine.com\\\/en\\\/?s={search_term_string}\"},\"query-input\":{\"@type\":\"PropertyValueSpecification\",\"valueRequired\":true,\"valueName\":\"search_term_string\"}}],\"inLanguage\":\"en-US\"},{\"@type\":\"Organization\",\"@id\":\"https:\\\/\\\/www.lanormandiedamandine.com\\\/en\\\/#organization\",\"name\":\"La Normandie d&#039;Amandine\",\"url\":\"https:\\\/\\\/www.lanormandiedamandine.com\\\/en\\\/\",\"logo\":{\"@type\":\"ImageObject\",\"inLanguage\":\"en-US\",\"@id\":\"https:\\\/\\\/www.lanormandiedamandine.com\\\/en\\\/#\\\/schema\\\/logo\\\/image\\\/\",\"url\":\"https:\\\/\\\/www.lanormandiedamandine.com\\\/wp-content\\\/uploads\\\/2021\\\/11\\\/cropped-carte-de-visite-la-Normandie-dAmandine-recto-001-1.jpg\",\"contentUrl\":\"https:\\\/\\\/www.lanormandiedamandine.com\\\/wp-content\\\/uploads\\\/2021\\\/11\\\/cropped-carte-de-visite-la-Normandie-dAmandine-recto-001-1.jpg\",\"width\":482,\"height\":181,\"caption\":\"La Normandie d&#039;Amandine\"},\"image\":{\"@id\":\"https:\\\/\\\/www.lanormandiedamandine.com\\\/en\\\/#\\\/schema\\\/logo\\\/image\\\/\"}}]}<\/script>\n<!-- \/ Yoast SEO plugin. -->","yoast_head_json":{"title":"Enqu\u00eate criminelle \u00e0 l'abbatiale - La Normandie d&#039;Amandine","robots":{"index":"index","follow":"follow","max-snippet":"max-snippet:-1","max-image-preview":"max-image-preview:large","max-video-preview":"max-video-preview:-1"},"canonical":"https:\/\/www.lanormandiedamandine.com\/en\/produit\/enquete-criminelle-a-labbatiale\/","og_locale":"en_US","og_type":"article","og_title":"Enqu\u00eate criminelle \u00e0 l'abbatiale - La Normandie d&#039;Amandine","og_description":"Visite multisensorielle et interactive pour tous les curieux qui ont une \u00e2me d'enfant.","og_url":"https:\/\/www.lanormandiedamandine.com\/en\/produit\/enquete-criminelle-a-labbatiale\/","og_site_name":"La Normandie d&#039;Amandine","article_modified_time":"2024-07-04T13:36:46+00:00","og_image":[{"width":600,"height":600,"url":"https:\/\/www.lanormandiedamandine.com\/wp-content\/uploads\/2022\/02\/Etonnants-Patrimoines-Saint-Pierre-sur-Dives.png","type":"image\/png"}],"twitter_card":"summary_large_image","twitter_misc":{"Est. reading time":"1 minute"},"schema":{"@context":"https:\/\/schema.org","@graph":[{"@type":"WebPage","@id":"https:\/\/www.lanormandiedamandine.com\/en\/produit\/enquete-criminelle-a-labbatiale\/","url":"https:\/\/www.lanormandiedamandine.com\/en\/produit\/enquete-criminelle-a-labbatiale\/","name":"Enqu\u00eate criminelle \u00e0 l'abbatiale - La Normandie d&#039;Amandine","isPartOf":{"@id":"https:\/\/www.lanormandiedamandine.com\/en\/#website"},"primaryImageOfPage":{"@id":"https:\/\/www.lanormandiedamandine.com\/en\/produit\/enquete-criminelle-a-labbatiale\/#primaryimage"},"image":{"@id":"https:\/\/www.lanormandiedamandine.com\/en\/produit\/enquete-criminelle-a-labbatiale\/#primaryimage"},"thumbnailUrl":"https:\/\/www.lanormandiedamandine.com\/wp-content\/uploads\/2022\/02\/Etonnants-Patrimoines-Saint-Pierre-sur-Dives.png","datePublished":"2022-02-03T09:29:49+00:00","dateModified":"2024-07-04T13:36:46+00:00","breadcrumb":{"@id":"https:\/\/www.lanormandiedamandine.com\/en\/produit\/enquete-criminelle-a-labbatiale\/#breadcrumb"},"inLanguage":"en-US","potentialAction":[{"@type":"ReadAction","target":["https:\/\/www.lanormandiedamandine.com\/en\/produit\/enquete-criminelle-a-labbatiale\/"]}]},{"@type":"ImageObject","inLanguage":"en-US","@id":"https:\/\/www.lanormandiedamandine.com\/en\/produit\/enquete-criminelle-a-labbatiale\/#primaryimage","url":"https:\/\/www.lanormandiedamandine.com\/wp-content\/uploads\/2022\/02\/Etonnants-Patrimoines-Saint-Pierre-sur-Dives.png","contentUrl":"https:\/\/www.lanormandiedamandine.com\/wp-content\/uploads\/2022\/02\/Etonnants-Patrimoines-Saint-Pierre-sur-Dives.png","width":600,"height":600,"caption":"visites interactives ludiques et familiales Les Etonnants-Patrimoines-Saint-Pierre-sur-Dives"},{"@type":"BreadcrumbList","@id":"https:\/\/www.lanormandiedamandine.com\/en\/produit\/enquete-criminelle-a-labbatiale\/#breadcrumb","itemListElement":[{"@type":"ListItem","position":1,"name":"Accueil","item":"https:\/\/www.lanormandiedamandine.com\/en\/"},{"@type":"ListItem","position":2,"name":"Boutique","item":"https:\/\/www.lanormandiedamandine.com\/boutique\/"},{"@type":"ListItem","position":3,"name":"Enqu\u00eate criminelle \u00e0 l&#8217;abbatiale"}]},{"@type":"WebSite","@id":"https:\/\/www.lanormandiedamandine.com\/en\/#website","url":"https:\/\/www.lanormandiedamandine.com\/en\/","name":"La Normandie d&#039;Amandine","description":"Guide conf&eacute;renci&egrave;re en Normandie","publisher":{"@id":"https:\/\/www.lanormandiedamandine.com\/en\/#organization"},"potentialAction":[{"@type":"SearchAction","target":{"@type":"EntryPoint","urlTemplate":"https:\/\/www.lanormandiedamandine.com\/en\/?s={search_term_string}"},"query-input":{"@type":"PropertyValueSpecification","valueRequired":true,"valueName":"search_term_string"}}],"inLanguage":"en-US"},{"@type":"Organization","@id":"https:\/\/www.lanormandiedamandine.com\/en\/#organization","name":"La Normandie d&#039;Amandine","url":"https:\/\/www.lanormandiedamandine.com\/en\/","logo":{"@type":"ImageObject","inLanguage":"en-US","@id":"https:\/\/www.lanormandiedamandine.com\/en\/#\/schema\/logo\/image\/","url":"https:\/\/www.lanormandiedamandine.com\/wp-content\/uploads\/2021\/11\/cropped-carte-de-visite-la-Normandie-dAmandine-recto-001-1.jpg","contentUrl":"https:\/\/www.lanormandiedamandine.com\/wp-content\/uploads\/2021\/11\/cropped-carte-de-visite-la-Normandie-dAmandine-recto-001-1.jpg","width":482,"height":181,"caption":"La Normandie d&#039;Amandine"},"image":{"@id":"https:\/\/www.lanormandiedamandine.com\/en\/#\/schema\/logo\/image\/"}}]}},"_links":{"self":[{"href":"https:\/\/www.lanormandiedamandine.com\/en\/wp-json\/wp\/v2\/product\/517","targetHints":{"allow":["GET"]}}],"collection":[{"href":"https:\/\/www.lanormandiedamandine.com\/en\/wp-json\/wp\/v2\/product"}],"about":[{"href":"https:\/\/www.lanormandiedamandine.com\/en\/wp-json\/wp\/v2\/types\/product"}],"wp:featuredmedia":[{"embeddable":true,"href":"https:\/\/www.lanormandiedamandine.com\/en\/wp-json\/wp\/v2\/media\/875"}],"wp:attachment":[{"href":"https:\/\/www.lanormandiedamandine.com\/en\/wp-json\/wp\/v2\/media?parent=517"}],"wp:term":[{"taxonomy":"product_brand","embeddable":true,"href":"https:\/\/www.lanormandiedamandine.com\/en\/wp-json\/wp\/v2\/product_brand?post=517"},{"taxonomy":"product_cat","embeddable":true,"href":"https:\/\/www.lanormandiedamandine.com\/en\/wp-json\/wp\/v2\/product_cat?post=517"},{"taxonomy":"product_tag","embeddable":true,"href":"https:\/\/www.lanormandiedamandine.com\/en\/wp-json\/wp\/v2\/product_tag?post=517"}],"curies":[{"name":"wp","href":"https:\/\/api.w.org\/{rel}","templated":true}]}}