{"id":518,"date":"2022-01-25T10:47:12","date_gmt":"2022-01-25T10:47:12","guid":{"rendered":"https:\/\/www.lanormandiedamandine.com\/?post_type=product&#038;p=518"},"modified":"2024-01-16T10:23:25","modified_gmt":"2024-01-16T10:23:25","slug":"etonnants-patrimoine","status":"publish","type":"product","link":"https:\/\/www.lanormandiedamandine.com\/en\/produit\/etonnants-patrimoine\/","title":{"rendered":"A la recherche du ch\u00e2teau perdu&#8230;"},"content":{"rendered":"<h2>Chasse au tr\u00e9sor et balade historique<\/h2>\n<p><strong>1h30 d\u2019aventure \u00e0 la recherche du ch\u00e2teau fort m\u00e9di\u00e9val de La Pommeraye.<\/strong><\/p>\n<p>La l\u00e9gende vous est cont\u00e9e avant de partir \u00e0 la recherche du ch\u00e2teau perdu.<\/p>\n<p>Grace \u00e0 des exp\u00e9riences, \u00e9nigmes et chasses aux tr\u00e9sors, nous collectons des indices, \u00e0 la mani\u00e8re des arch\u00e9ologues, pour\u00a0 d\u00e9couvrir petit \u00e0 petit, le ch\u00e2teau fort m\u00e9di\u00e9val de la Pommeraye.<\/p>\n<p>Il s\u2019agit d\u2019une qu\u00eate ludique et p\u00e9dagogique qui se d\u00e9roule en cinq \u00e9tapes. A chaque \u00e9tape, une \u00e9preuve, une \u00e9nigme, \u2026 pour obtenir la position du tr\u00e9sor cach\u00e9 dans ce lieu.<\/p>\n<p>Pour r\u00e9soudre ces \u00e9preuves, du mat\u00e9riel est bien s\u00fbr fournit.<\/p>\n<p><strong>A destination de tous publics ayant encore leur \u00e2me d\u2019enfant.<\/strong><br \/>\nMaximum 25 personnes<\/p>\n<p><strong>Rendez-vous de 15h \u00e0 16h30<\/strong><\/p>\n<p>&nbsp;<\/p>\n<p><img decoding=\"async\" class=\"alignleft wp-image-290 size-thumbnail\" src=\"https:\/\/www.lanormandiedamandine.com\/wp-content\/uploads\/2022\/01\/chasse-au-tresor-chateau-ganne-150x150.jpg\" alt=\"Les Etonnants patrimoines - Chasse aux tr\u00e9sors\" width=\"150\" height=\"150\" srcset=\"https:\/\/www.lanormandiedamandine.com\/wp-content\/uploads\/2022\/01\/chasse-au-tresor-chateau-ganne-150x150.jpg 150w, https:\/\/www.lanormandiedamandine.com\/wp-content\/uploads\/2022\/01\/chasse-au-tresor-chateau-ganne-300x300.jpg 300w, https:\/\/www.lanormandiedamandine.com\/wp-content\/uploads\/2022\/01\/chasse-au-tresor-chateau-ganne-100x100.jpg 100w, https:\/\/www.lanormandiedamandine.com\/wp-content\/uploads\/2022\/01\/chasse-au-tresor-chateau-ganne.jpg 599w\" sizes=\"(max-width: 150px) 100vw, 150px\" \/><\/p>\n<figure id=\"attachment_115\" aria-describedby=\"caption-attachment-115\" style=\"width: 150px\" class=\"wp-caption alignleft\"><img decoding=\"async\" class=\"wp-image-115 size-thumbnail\" src=\"https:\/\/www.lanormandiedamandine.com\/wp-content\/uploads\/2022\/01\/Visite_guidee_au_chateau_Ganne-Photo_911___Calvados_Attractivite-3-150x150.jpg\" alt=\"Chasse aux tr\u00e9sors au ch\u00e2teau Ganne\" width=\"150\" height=\"150\" srcset=\"https:\/\/www.lanormandiedamandine.com\/wp-content\/uploads\/2022\/01\/Visite_guidee_au_chateau_Ganne-Photo_911___Calvados_Attractivite-3-150x150.jpg 150w, https:\/\/www.lanormandiedamandine.com\/wp-content\/uploads\/2022\/01\/Visite_guidee_au_chateau_Ganne-Photo_911___Calvados_Attractivite-3-300x300.jpg 300w, https:\/\/www.lanormandiedamandine.com\/wp-content\/uploads\/2022\/01\/Visite_guidee_au_chateau_Ganne-Photo_911___Calvados_Attractivite-3-100x100.jpg 100w\" sizes=\"(max-width: 150px) 100vw, 150px\" \/><figcaption id=\"caption-attachment-115\" class=\"wp-caption-text\">chasse au tr\u00e9sors en famille<\/figcaption><\/figure>\n<figure id=\"attachment_114\" aria-describedby=\"caption-attachment-114\" style=\"width: 150px\" class=\"wp-caption alignleft\"><img decoding=\"async\" class=\"wp-image-114 size-thumbnail\" src=\"https:\/\/www.lanormandiedamandine.com\/wp-content\/uploads\/2022\/01\/Animation_a_chateau_Ganne-Photo_911___Calvados_Attractivite-2-150x150.jpg\" alt=\"Visite en famille du ch\u00e2teau Ganne, Suisse Normande\" width=\"150\" height=\"150\" srcset=\"https:\/\/www.lanormandiedamandine.com\/wp-content\/uploads\/2022\/01\/Animation_a_chateau_Ganne-Photo_911___Calvados_Attractivite-2-150x150.jpg 150w, https:\/\/www.lanormandiedamandine.com\/wp-content\/uploads\/2022\/01\/Animation_a_chateau_Ganne-Photo_911___Calvados_Attractivite-2-300x300.jpg 300w, https:\/\/www.lanormandiedamandine.com\/wp-content\/uploads\/2022\/01\/Animation_a_chateau_Ganne-Photo_911___Calvados_Attractivite-2-100x100.jpg 100w\" sizes=\"(max-width: 150px) 100vw, 150px\" \/><figcaption id=\"caption-attachment-114\" class=\"wp-caption-text\">Enigmes \u00e0 r\u00e9soudre en famille<\/figcaption><\/figure>\n","protected":false},"excerpt":{"rendered":"<p>8\u20ac \/ enfant &#8211; 12\u20ac \/ adulte &#8211; 35\u20ac \/ famille<\/p>\n<p>Visite multisensorielle familiale et interactive.<\/p>\n<p>&nbsp;<\/p>\n","protected":false},"featured_media":876,"template":"","meta":{"inline_featured_image":false,"site-sidebar-layout":"default","site-content-layout":"default","ast-site-content-layout":"","site-content-style":"default","site-sidebar-style":"default","ast-global-header-display":"","ast-banner-title-visibility":"","ast-main-header-display":"","ast-hfb-above-header-display":"","ast-hfb-below-header-display":"","ast-hfb-mobile-header-display":"","site-post-title":"","ast-breadcrumbs-content":"","ast-featured-img":"","footer-sml-layout":"","theme-transparent-header-meta":"default","adv-header-id-meta":"","stick-header-meta":"","header-above-stick-meta":"","header-main-stick-meta":"","header-below-stick-meta":"","astra-migrate-meta-layouts":"default","ast-page-background-enabled":"default","ast-page-background-meta":{"desktop":{"background-color":"var(--ast-global-color-4)","background-image":"","background-repeat":"repeat","background-position":"center center","background-size":"auto","background-attachment":"scroll","background-type":"","background-media":"","overlay-type":"","overlay-color":"","overlay-opacity":"","overlay-gradient":""},"tablet":{"background-color":"","background-image":"","background-repeat":"repeat","background-position":"center center","background-size":"auto","background-attachment":"scroll","background-type":"","background-media":"","overlay-type":"","overlay-color":"","overlay-opacity":"","overlay-gradient":""},"mobile":{"background-color":"","background-image":"","background-repeat":"repeat","background-position":"center center","background-size":"auto","background-attachment":"scroll","background-type":"","background-media":"","overlay-type":"","overlay-color":"","overlay-opacity":"","overlay-gradient":""}},"ast-content-background-meta":{"desktop":{"background-color":"var(--ast-global-color-5)","background-image":"","background-repeat":"repeat","background-position":"center center","background-size":"auto","background-attachment":"scroll","background-type":"","background-media":"","overlay-type":"","overlay-color":"","overlay-opacity":"","overlay-gradient":""},"tablet":{"background-color":"var(--ast-global-color-5)","background-image":"","background-repeat":"repeat","background-position":"center center","background-size":"auto","background-attachment":"scroll","background-type":"","background-media":"","overlay-type":"","overlay-color":"","overlay-opacity":"","overlay-gradient":""},"mobile":{"background-color":"var(--ast-global-color-5)","background-image":"","background-repeat":"repeat","background-position":"center center","background-size":"auto","background-attachment":"scroll","background-type":"","background-media":"","overlay-type":"","overlay-color":"","overlay-opacity":"","overlay-gradient":""}}},"product_brand":[],"product_cat":[19],"product_tag":[],"class_list":{"0":"post-518","1":"product","2":"type-product","3":"status-publish","4":"has-post-thumbnail","6":"product_cat-visites-interactives","7":"desktop-align-left","8":"tablet-align-left","9":"mobile-align-left","11":"first","12":"instock","13":"shipping-taxable","14":"purchasable","15":"product-type-variable"},"yoast_head":"<!-- This site is optimized with the Yoast SEO plugin v27.5 - https:\/\/yoast.com\/product\/yoast-seo-wordpress\/ -->\n<title>A la recherche du ch\u00e2teau perdu... - La Normandie d&#039;Amandine<\/title>\n<meta name=\"robots\" content=\"index, follow, max-snippet:-1, max-image-preview:large, max-video-preview:-1\" \/>\n<link rel=\"canonical\" href=\"https:\/\/www.lanormandiedamandine.com\/en\/produit\/etonnants-patrimoine\/\" \/>\n<meta property=\"og:locale\" content=\"en_US\" \/>\n<meta property=\"og:type\" content=\"article\" \/>\n<meta property=\"og:title\" content=\"A la recherche du ch\u00e2teau perdu... - La Normandie d&#039;Amandine\" \/>\n<meta property=\"og:description\" content=\"8\u20ac \/ enfant - 12\u20ac \/ adulte - 35\u20ac \/ famille  Visite multisensorielle familiale et interactive.  &nbsp;\" \/>\n<meta property=\"og:url\" content=\"https:\/\/www.lanormandiedamandine.com\/en\/produit\/etonnants-patrimoine\/\" \/>\n<meta property=\"og:site_name\" content=\"La Normandie d&#039;Amandine\" \/>\n<meta property=\"article:modified_time\" content=\"2024-01-16T10:23:25+00:00\" \/>\n<meta property=\"og:image\" content=\"https:\/\/www.lanormandiedamandine.com\/wp-content\/uploads\/2022\/02\/LogoEtonnantsPatrimoines-chateau-Ganne.png\" \/>\n\t<meta property=\"og:image:width\" content=\"600\" \/>\n\t<meta property=\"og:image:height\" content=\"600\" \/>\n\t<meta property=\"og:image:type\" content=\"image\/png\" \/>\n<meta name=\"twitter:card\" content=\"summary_large_image\" \/>\n<meta name=\"twitter:label1\" content=\"Est. reading time\" \/>\n\t<meta name=\"twitter:data1\" content=\"2 minutes\" \/>\n<script type=\"application\/ld+json\" class=\"yoast-schema-graph\">{\"@context\":\"https:\\\/\\\/schema.org\",\"@graph\":[{\"@type\":\"WebPage\",\"@id\":\"https:\\\/\\\/www.lanormandiedamandine.com\\\/en\\\/produit\\\/etonnants-patrimoine\\\/\",\"url\":\"https:\\\/\\\/www.lanormandiedamandine.com\\\/en\\\/produit\\\/etonnants-patrimoine\\\/\",\"name\":\"A la recherche du ch\u00e2teau perdu... - La Normandie d&#039;Amandine\",\"isPartOf\":{\"@id\":\"https:\\\/\\\/www.lanormandiedamandine.com\\\/en\\\/#website\"},\"primaryImageOfPage\":{\"@id\":\"https:\\\/\\\/www.lanormandiedamandine.com\\\/en\\\/produit\\\/etonnants-patrimoine\\\/#primaryimage\"},\"image\":{\"@id\":\"https:\\\/\\\/www.lanormandiedamandine.com\\\/en\\\/produit\\\/etonnants-patrimoine\\\/#primaryimage\"},\"thumbnailUrl\":\"https:\\\/\\\/www.lanormandiedamandine.com\\\/wp-content\\\/uploads\\\/2022\\\/02\\\/LogoEtonnantsPatrimoines-chateau-Ganne.png\",\"datePublished\":\"2022-01-25T10:47:12+00:00\",\"dateModified\":\"2024-01-16T10:23:25+00:00\",\"breadcrumb\":{\"@id\":\"https:\\\/\\\/www.lanormandiedamandine.com\\\/en\\\/produit\\\/etonnants-patrimoine\\\/#breadcrumb\"},\"inLanguage\":\"en-US\",\"potentialAction\":[{\"@type\":\"ReadAction\",\"target\":[\"https:\\\/\\\/www.lanormandiedamandine.com\\\/en\\\/produit\\\/etonnants-patrimoine\\\/\"]}]},{\"@type\":\"ImageObject\",\"inLanguage\":\"en-US\",\"@id\":\"https:\\\/\\\/www.lanormandiedamandine.com\\\/en\\\/produit\\\/etonnants-patrimoine\\\/#primaryimage\",\"url\":\"https:\\\/\\\/www.lanormandiedamandine.com\\\/wp-content\\\/uploads\\\/2022\\\/02\\\/LogoEtonnantsPatrimoines-chateau-Ganne.png\",\"contentUrl\":\"https:\\\/\\\/www.lanormandiedamandine.com\\\/wp-content\\\/uploads\\\/2022\\\/02\\\/LogoEtonnantsPatrimoines-chateau-Ganne.png\",\"width\":600,\"height\":600,\"caption\":\"visites interactives et familiales Etonnants Patrimoines-ch\u00e2teau Ganne\"},{\"@type\":\"BreadcrumbList\",\"@id\":\"https:\\\/\\\/www.lanormandiedamandine.com\\\/en\\\/produit\\\/etonnants-patrimoine\\\/#breadcrumb\",\"itemListElement\":[{\"@type\":\"ListItem\",\"position\":1,\"name\":\"Accueil\",\"item\":\"https:\\\/\\\/www.lanormandiedamandine.com\\\/en\\\/\"},{\"@type\":\"ListItem\",\"position\":2,\"name\":\"Boutique\",\"item\":\"https:\\\/\\\/www.lanormandiedamandine.com\\\/boutique\\\/\"},{\"@type\":\"ListItem\",\"position\":3,\"name\":\"A la recherche du ch\u00e2teau perdu&#8230;\"}]},{\"@type\":\"WebSite\",\"@id\":\"https:\\\/\\\/www.lanormandiedamandine.com\\\/en\\\/#website\",\"url\":\"https:\\\/\\\/www.lanormandiedamandine.com\\\/en\\\/\",\"name\":\"La Normandie d&#039;Amandine\",\"description\":\"Guide conf&eacute;renci&egrave;re en Normandie\",\"publisher\":{\"@id\":\"https:\\\/\\\/www.lanormandiedamandine.com\\\/en\\\/#organization\"},\"potentialAction\":[{\"@type\":\"SearchAction\",\"target\":{\"@type\":\"EntryPoint\",\"urlTemplate\":\"https:\\\/\\\/www.lanormandiedamandine.com\\\/en\\\/?s={search_term_string}\"},\"query-input\":{\"@type\":\"PropertyValueSpecification\",\"valueRequired\":true,\"valueName\":\"search_term_string\"}}],\"inLanguage\":\"en-US\"},{\"@type\":\"Organization\",\"@id\":\"https:\\\/\\\/www.lanormandiedamandine.com\\\/en\\\/#organization\",\"name\":\"La Normandie d&#039;Amandine\",\"url\":\"https:\\\/\\\/www.lanormandiedamandine.com\\\/en\\\/\",\"logo\":{\"@type\":\"ImageObject\",\"inLanguage\":\"en-US\",\"@id\":\"https:\\\/\\\/www.lanormandiedamandine.com\\\/en\\\/#\\\/schema\\\/logo\\\/image\\\/\",\"url\":\"https:\\\/\\\/www.lanormandiedamandine.com\\\/wp-content\\\/uploads\\\/2021\\\/11\\\/cropped-carte-de-visite-la-Normandie-dAmandine-recto-001-1.jpg\",\"contentUrl\":\"https:\\\/\\\/www.lanormandiedamandine.com\\\/wp-content\\\/uploads\\\/2021\\\/11\\\/cropped-carte-de-visite-la-Normandie-dAmandine-recto-001-1.jpg\",\"width\":482,\"height\":181,\"caption\":\"La Normandie d&#039;Amandine\"},\"image\":{\"@id\":\"https:\\\/\\\/www.lanormandiedamandine.com\\\/en\\\/#\\\/schema\\\/logo\\\/image\\\/\"}}]}<\/script>\n<!-- \/ Yoast SEO plugin. -->","yoast_head_json":{"title":"A la recherche du ch\u00e2teau perdu... - La Normandie d&#039;Amandine","robots":{"index":"index","follow":"follow","max-snippet":"max-snippet:-1","max-image-preview":"max-image-preview:large","max-video-preview":"max-video-preview:-1"},"canonical":"https:\/\/www.lanormandiedamandine.com\/en\/produit\/etonnants-patrimoine\/","og_locale":"en_US","og_type":"article","og_title":"A la recherche du ch\u00e2teau perdu... - La Normandie d&#039;Amandine","og_description":"8\u20ac \/ enfant - 12\u20ac \/ adulte - 35\u20ac \/ famille  Visite multisensorielle familiale et interactive.  &nbsp;","og_url":"https:\/\/www.lanormandiedamandine.com\/en\/produit\/etonnants-patrimoine\/","og_site_name":"La Normandie d&#039;Amandine","article_modified_time":"2024-01-16T10:23:25+00:00","og_image":[{"width":600,"height":600,"url":"https:\/\/www.lanormandiedamandine.com\/wp-content\/uploads\/2022\/02\/LogoEtonnantsPatrimoines-chateau-Ganne.png","type":"image\/png"}],"twitter_card":"summary_large_image","twitter_misc":{"Est. reading time":"2 minutes"},"schema":{"@context":"https:\/\/schema.org","@graph":[{"@type":"WebPage","@id":"https:\/\/www.lanormandiedamandine.com\/en\/produit\/etonnants-patrimoine\/","url":"https:\/\/www.lanormandiedamandine.com\/en\/produit\/etonnants-patrimoine\/","name":"A la recherche du ch\u00e2teau perdu... - La Normandie d&#039;Amandine","isPartOf":{"@id":"https:\/\/www.lanormandiedamandine.com\/en\/#website"},"primaryImageOfPage":{"@id":"https:\/\/www.lanormandiedamandine.com\/en\/produit\/etonnants-patrimoine\/#primaryimage"},"image":{"@id":"https:\/\/www.lanormandiedamandine.com\/en\/produit\/etonnants-patrimoine\/#primaryimage"},"thumbnailUrl":"https:\/\/www.lanormandiedamandine.com\/wp-content\/uploads\/2022\/02\/LogoEtonnantsPatrimoines-chateau-Ganne.png","datePublished":"2022-01-25T10:47:12+00:00","dateModified":"2024-01-16T10:23:25+00:00","breadcrumb":{"@id":"https:\/\/www.lanormandiedamandine.com\/en\/produit\/etonnants-patrimoine\/#breadcrumb"},"inLanguage":"en-US","potentialAction":[{"@type":"ReadAction","target":["https:\/\/www.lanormandiedamandine.com\/en\/produit\/etonnants-patrimoine\/"]}]},{"@type":"ImageObject","inLanguage":"en-US","@id":"https:\/\/www.lanormandiedamandine.com\/en\/produit\/etonnants-patrimoine\/#primaryimage","url":"https:\/\/www.lanormandiedamandine.com\/wp-content\/uploads\/2022\/02\/LogoEtonnantsPatrimoines-chateau-Ganne.png","contentUrl":"https:\/\/www.lanormandiedamandine.com\/wp-content\/uploads\/2022\/02\/LogoEtonnantsPatrimoines-chateau-Ganne.png","width":600,"height":600,"caption":"visites interactives et familiales Etonnants Patrimoines-ch\u00e2teau Ganne"},{"@type":"BreadcrumbList","@id":"https:\/\/www.lanormandiedamandine.com\/en\/produit\/etonnants-patrimoine\/#breadcrumb","itemListElement":[{"@type":"ListItem","position":1,"name":"Accueil","item":"https:\/\/www.lanormandiedamandine.com\/en\/"},{"@type":"ListItem","position":2,"name":"Boutique","item":"https:\/\/www.lanormandiedamandine.com\/boutique\/"},{"@type":"ListItem","position":3,"name":"A la recherche du ch\u00e2teau perdu&#8230;"}]},{"@type":"WebSite","@id":"https:\/\/www.lanormandiedamandine.com\/en\/#website","url":"https:\/\/www.lanormandiedamandine.com\/en\/","name":"La Normandie d&#039;Amandine","description":"Guide conf&eacute;renci&egrave;re en Normandie","publisher":{"@id":"https:\/\/www.lanormandiedamandine.com\/en\/#organization"},"potentialAction":[{"@type":"SearchAction","target":{"@type":"EntryPoint","urlTemplate":"https:\/\/www.lanormandiedamandine.com\/en\/?s={search_term_string}"},"query-input":{"@type":"PropertyValueSpecification","valueRequired":true,"valueName":"search_term_string"}}],"inLanguage":"en-US"},{"@type":"Organization","@id":"https:\/\/www.lanormandiedamandine.com\/en\/#organization","name":"La Normandie d&#039;Amandine","url":"https:\/\/www.lanormandiedamandine.com\/en\/","logo":{"@type":"ImageObject","inLanguage":"en-US","@id":"https:\/\/www.lanormandiedamandine.com\/en\/#\/schema\/logo\/image\/","url":"https:\/\/www.lanormandiedamandine.com\/wp-content\/uploads\/2021\/11\/cropped-carte-de-visite-la-Normandie-dAmandine-recto-001-1.jpg","contentUrl":"https:\/\/www.lanormandiedamandine.com\/wp-content\/uploads\/2021\/11\/cropped-carte-de-visite-la-Normandie-dAmandine-recto-001-1.jpg","width":482,"height":181,"caption":"La Normandie d&#039;Amandine"},"image":{"@id":"https:\/\/www.lanormandiedamandine.com\/en\/#\/schema\/logo\/image\/"}}]}},"_links":{"self":[{"href":"https:\/\/www.lanormandiedamandine.com\/en\/wp-json\/wp\/v2\/product\/518","targetHints":{"allow":["GET"]}}],"collection":[{"href":"https:\/\/www.lanormandiedamandine.com\/en\/wp-json\/wp\/v2\/product"}],"about":[{"href":"https:\/\/www.lanormandiedamandine.com\/en\/wp-json\/wp\/v2\/types\/product"}],"wp:featuredmedia":[{"embeddable":true,"href":"https:\/\/www.lanormandiedamandine.com\/en\/wp-json\/wp\/v2\/media\/876"}],"wp:attachment":[{"href":"https:\/\/www.lanormandiedamandine.com\/en\/wp-json\/wp\/v2\/media?parent=518"}],"wp:term":[{"taxonomy":"product_brand","embeddable":true,"href":"https:\/\/www.lanormandiedamandine.com\/en\/wp-json\/wp\/v2\/product_brand?post=518"},{"taxonomy":"product_cat","embeddable":true,"href":"https:\/\/www.lanormandiedamandine.com\/en\/wp-json\/wp\/v2\/product_cat?post=518"},{"taxonomy":"product_tag","embeddable":true,"href":"https:\/\/www.lanormandiedamandine.com\/en\/wp-json\/wp\/v2\/product_tag?post=518"}],"curies":[{"name":"wp","href":"https:\/\/api.w.org\/{rel}","templated":true}]}}